{"id":194,"date":"2021-05-28T15:02:11","date_gmt":"2021-05-28T15:02:11","guid":{"rendered":"https:\/\/pro.kyryagroup.com\/registrarse\/"},"modified":"2021-10-13T07:02:11","modified_gmt":"2021-10-13T07:02:11","slug":"enregistrement","status":"publish","type":"page","link":"https:\/\/pro.kyryagroup.com\/fr\/enregistrement\/","title":{"rendered":"Demander l&rsquo;enregistrement dans Kyrya Pro"},"content":{"rendered":"\n<p>Si vous \u00eates un professionnel travaillant avec les produits Kyrya, depuis l&rsquo;espace PRO, vous pouvez acc\u00e9der aux fiches techniques des produits et plus d&rsquo;informations uniquement pour les utilisateurs enregistr\u00e9s.<\/p>\n\n\n<div id=\"wpmem_reg\"><a id=\"register\"><\/a><form name=\"form\" method=\"post\" action=\"https:\/\/pro.kyryagroup.com\/fr\/enregistrement\/\" id=\"wpmem_register_form\" class=\"form\"><input type=\"hidden\" id=\"_wpmem_register_nonce\" name=\"_wpmem_register_nonce\" value=\"7d336c6e15\" \/><input type=\"hidden\" name=\"_wp_http_referer\" value=\"\/fr\/wp-json\/wp\/v2\/pages\/194\" \/><fieldset><legend>Nouvel utilisateur\u00a0?<\/legend><label for=\"cif\" class=\"text\">CIF \/ VAT \/ Num\u00e9ro TVA (Debe ser cliente Kyrya \/ Must be Kyrya customer \/ R\u00e9serv\u00e9 aux clients Kyrya)<span class=\"req\">*<\/span><\/label><div class=\"div_text\"><input name=\"cif\" type=\"text\" id=\"cif\" value=\"\" class=\"textbox\" required  \/><\/div><label for=\"username\" class=\"text\">Choisissez un Nom d\u2019utilisateur<span class=\"req\">*<\/span><\/label><div class=\"div_text\"><input name=\"username\" type=\"text\" id=\"username\" value=\"\" class=\"textbox\" required  \/><\/div><label for=\"user_email\" class=\"text\">Courriel<span class=\"req\">*<\/span><\/label><div class=\"div_text\"><input name=\"user_email\" type=\"email\" id=\"user_email\" value=\"\" class=\"textbox\" required  \/><\/div><label for=\"first_name\" class=\"text\">Pr\u00e9nom<span class=\"req\">*<\/span><\/label><div class=\"div_text\"><input name=\"first_name\" type=\"text\" id=\"first_name\" value=\"\" class=\"textbox\" required  \/><\/div><label for=\"last_name\" class=\"text\">Nom<span class=\"req\">*<\/span><\/label><div class=\"div_text\"><input name=\"last_name\" type=\"text\" id=\"last_name\" value=\"\" class=\"textbox\" required  \/><\/div><label for=\"perfil\" class=\"radio\">\u00bfQu\u00e9 profesional eres? \/ What professional are you? \/ Quelle est votre activit\u00e9?<span class=\"req\">*<\/span><\/label><div class=\"div_radio\"><input type=\"radio\" name=\"perfil\" id=\"perfil_1\" value=\"decorador\" required > <label for=\"perfil_1\" id=\"label_perfil_1\" class=\"radio\">Decorador \/ Decorator \/ D\u00e9corateur<\/label><br \/><input type=\"radio\" name=\"perfil\" id=\"perfil_2\" value=\"interiorista\" required > <label for=\"perfil_2\" id=\"label_perfil_2\" class=\"radio\">Interiorista \/ Interior designer \/ Agenceur<\/label><br \/><input type=\"radio\" name=\"perfil\" id=\"perfil_3\" value=\"arquitecto\" required > <label for=\"perfil_3\" id=\"label_perfil_3\" class=\"radio\">Arquitecto \/ Architect \/ Architecte<\/label><br \/><input type=\"radio\" name=\"perfil\" id=\"perfil_4\" value=\"contract\" required > <label for=\"perfil_4\" id=\"label_perfil_4\" class=\"radio\">Contract \/ Ma\u00eetre d&#039;ouvrage<\/label><br \/><input type=\"radio\" name=\"perfil\" id=\"perfil_5\" value=\"distribuidor\" required > <label for=\"perfil_5\" id=\"label_perfil_5\" class=\"radio\">Distribuidor \/ Distributor \/ Distributeur<\/label><br \/><input type=\"radio\" name=\"perfil\" id=\"perfil_6\" value=\"otro\" required > <label for=\"perfil_6\" id=\"label_perfil_6\" class=\"radio\">Otro (indicar) \/ Other (indicate) \/ Autres (pr\u00e9ciser)<\/label><br \/><\/div><label for=\"perfil_otro\" class=\"text\">Otro profesional (indicar) \/ Other professional (indicate) \/ Autre professionnel (pr\u00e9ciser)<\/label><div class=\"div_text\"><input name=\"perfil_otro\" type=\"text\" id=\"perfil_otro\" value=\"\" class=\"textbox\" \/><\/div><label for=\"empresa\" class=\"text\">Empresa \/ Company \/ Soci\u00e9t\u00e9<span class=\"req\">*<\/span><\/label><div class=\"div_text\"><input name=\"empresa\" type=\"text\" id=\"empresa\" value=\"\" class=\"textbox\" required  \/><\/div><label for=\"billing_address_1\" class=\"text\">Direcci\u00f3n \/ Address \/ Addresse<span class=\"req\">*<\/span><\/label><div class=\"div_text\"><input name=\"billing_address_1\" type=\"text\" id=\"billing_address_1\" value=\"\" class=\"textbox\" required  \/><\/div><label for=\"billing_city\" class=\"text\">Poblaci\u00f3n \/ City \/ Ville<span class=\"req\">*<\/span><\/label><div class=\"div_text\"><input name=\"billing_city\" type=\"text\" id=\"billing_city\" value=\"\" class=\"textbox\" required  \/><\/div><label for=\"billing_state\" class=\"text\">Provincia \/ State \/ D\u00e9partement<span class=\"req\">*<\/span><\/label><div class=\"div_text\"><input name=\"billing_state\" type=\"text\" id=\"billing_state\" value=\"\" class=\"textbox\" required  \/><\/div><label for=\"billing_postcode\" class=\"text\">C\u00f3digo postal \/ Zip code \/ Code postal<span class=\"req\">*<\/span><\/label><div class=\"div_text\"><input name=\"billing_postcode\" type=\"text\" id=\"billing_postcode\" value=\"\" class=\"textbox\" required  \/><\/div><label for=\"billing_country\" class=\"text\">Pa\u00eds \/ Country \/ Pays<span class=\"req\">*<\/span><\/label><div class=\"div_text\"><input name=\"billing_country\" type=\"text\" id=\"billing_country\" value=\"\" class=\"textbox\" required  \/><\/div><label for=\"billing_phone\" class=\"text\">Tel\u00e9fono \/ Phone \/ T\u00e9l\u00e9phone<span class=\"req\">*<\/span><\/label><div class=\"div_text\"><input name=\"billing_phone\" type=\"text\" id=\"billing_phone\" value=\"\" class=\"textbox\" required  \/><\/div><div class=\"div_text\"><input name=\"tos\" type=\"checkbox\" id=\"tos\" value=\"agree\" required  \/> <a href=\"#\" onClick=\"window.open('\/fr\/wp-json\/wp\/v2\/pages\/194?tos=display','tos');\">Acepto la pol\u00edtica de privacidad del sitio (click para leer) \/ I accept the privacy policy (click to read) \/ J\u2019accepte la politique de confidentialit\u00e9 (cliquez pour la lire)<\/a><span class=\"req\">*<\/span><\/div><label for=\"newsletter\" class=\"checkbox\">Quiero recibir la newsletter de Kyrya \/ I want to receive the Kyrya newsletter \/ Je souhaite recevoir la newsletter de Kyrya<\/label><div class=\"div_checkbox\"><input name=\"newsletter\" type=\"checkbox\" id=\"newsletter\" value=\"1\" \/><\/div><input name=\"a\" type=\"hidden\" value=\"register\" \/><input name=\"wpmem_reg_page\" type=\"hidden\" value=\"https:\/\/pro.kyryagroup.com\/fr\/enregistrement\/\" \/><div class=\"button_div\"><input name=\"submit\" type=\"submit\" value=\"S\u2019inscrire\" class=\"btn btn-primary btn-lg\" \/><\/div><div class=\"req-text\"><span class=\"req\">*<\/span>Champ obligatoire<\/div><\/fieldset><\/form><\/div>\n","protected":false},"excerpt":{"rendered":"<p>Si vous \u00eates un professionnel travaillant avec les produits Kyrya, depuis l&rsquo;espace PRO, vous pouvez acc\u00e9der aux fiches techniques des produits et plus d&rsquo;informations uniquement [&#8230;]<\/p>\n<p><a class=\"btn btn-secondary understrap-read-more-link\" href=\"https:\/\/pro.kyryagroup.com\/fr\/enregistrement\/\">Lire la suite&#8230;<\/a><\/p>\n","protected":false},"author":1,"featured_media":0,"parent":0,"menu_order":90,"comment_status":"closed","ping_status":"closed","template":"","meta":{"_acf_changed":false,"footnotes":""},"class_list":["post-194","page","type-page","status-publish","hentry"],"acf":[],"_links":{"self":[{"href":"https:\/\/pro.kyryagroup.com\/fr\/wp-json\/wp\/v2\/pages\/194","targetHints":{"allow":["GET"]}}],"collection":[{"href":"https:\/\/pro.kyryagroup.com\/fr\/wp-json\/wp\/v2\/pages"}],"about":[{"href":"https:\/\/pro.kyryagroup.com\/fr\/wp-json\/wp\/v2\/types\/page"}],"author":[{"embeddable":true,"href":"https:\/\/pro.kyryagroup.com\/fr\/wp-json\/wp\/v2\/users\/1"}],"replies":[{"embeddable":true,"href":"https:\/\/pro.kyryagroup.com\/fr\/wp-json\/wp\/v2\/comments?post=194"}],"version-history":[{"count":4,"href":"https:\/\/pro.kyryagroup.com\/fr\/wp-json\/wp\/v2\/pages\/194\/revisions"}],"predecessor-version":[{"id":4518,"href":"https:\/\/pro.kyryagroup.com\/fr\/wp-json\/wp\/v2\/pages\/194\/revisions\/4518"}],"wp:attachment":[{"href":"https:\/\/pro.kyryagroup.com\/fr\/wp-json\/wp\/v2\/media?parent=194"}],"curies":[{"name":"wp","href":"https:\/\/api.w.org\/{rel}","templated":true}]}}