{"id":176,"date":"2021-05-28T09:55:15","date_gmt":"2021-05-28T09:55:15","guid":{"rendered":"https:\/\/pro.kyryagroup.com\/politica-privacidad\/"},"modified":"2021-10-13T07:02:59","modified_gmt":"2021-10-13T07:02:59","slug":"politique-de-confidentialite","status":"publish","type":"page","link":"https:\/\/pro.kyryagroup.com\/fr\/politique-de-confidentialite\/","title":{"rendered":"Politique de confidentialit\u00e9"},"content":{"rendered":"\n<h2 class=\"wp-block-heading\">QUI EST RESPONSABLE DES DONN\u00c9ES ?<\/h2>\n\n\n\n<div class=\"wp-block-columns is-layout-flex wp-container-core-columns-is-layout-9d6595d7 wp-block-columns-is-layout-flex\">\n<div class=\"wp-block-column no-sakydu is-layout-flow wp-block-column-is-layout-flow\" style=\"flex-basis:50%\">\n<p><strong>BUJIOL S.L.<\/strong><\/p>\n\n\n\n<ul class=\"wp-block-list wp-block-list\"><li>Direcci\u00f3n: C\/ Nicaragua, 6 \u2013 50198 &#8211; La Muela (Zaragoza)<\/li><li>CIF: B99262339<\/li><li>Tel\u00e9fono: 976 90 27 69<\/li><\/ul>\n<\/div>\n\n\n\n<div class=\"wp-block-column no-sakydu is-layout-flow wp-block-column-is-layout-flow\" style=\"flex-basis:50%\">\n<p><strong>SOLID SURFACE INDUSTRIES S.L.<\/strong><\/p>\n\n\n\n<ul class=\"wp-block-list wp-block-list\"><li>Direcci\u00f3n: C\/ Nicaragua, 6 \u2013 50198 &#8211; La Muela (Zaragoza)<\/li><li>C.I.F.: B86347291<\/li><li>Tel\u00e9fono: 976 90 27 63<\/li><\/ul>\n<\/div>\n<\/div>\n\n\n\n<div class=\"wp-block-columns is-layout-flex wp-container-core-columns-is-layout-9d6595d7 wp-block-columns-is-layout-flex\">\n<div class=\"wp-block-column no-sakydu is-layout-flow wp-block-column-is-layout-flow\" style=\"flex-basis:50%\">\n<p><strong>CROWE INVERSIONES S.L.<\/strong><\/p>\n\n\n\n<ul class=\"wp-block-list wp-block-list\"><li>Direcci\u00f3n: C\/ SAGASTA, 15 &#8211; 3\u00ba IZQ. \u2013 28004 \u2013 Madrid. <\/li><li>C.I.F.: B86124252<\/li><\/ul>\n<\/div>\n\n\n\n<div class=\"wp-block-column sakydu is-layout-flow wp-block-column-is-layout-flow\" style=\"flex-basis:50%\">\n<p><strong>SAKYDU S.L.<\/strong><\/p>\n\n\n\n<ul class=\"wp-block-list wp-block-list\"><li>Direcci\u00f3n: Calle Uruguay (pol. ind Centrovia), 5 &#8211; La Muela &#8211; 50196 (Zaragoza)<\/li><li>C.I.F.: B99507733<\/li><li>Tel\u00e9fono: 976 11 31 13<\/li><\/ul>\n<\/div>\n<\/div>\n\n\n\n<h2 class=\"wp-block-heading\">POURQUOI POUVONS-NOUS UTILISER VOS DONN\u00c9ES ET \u00c0 QUOI PEUVENT-ELLES SERVIR ?<\/h2>\n\n\n\n<p>Les donn\u00e9es que vous avez volontairement fournies par le biais du formulaire correspondant peuvent \u00eatre utilis\u00e9es pour traiter les demandes et requ\u00eates faites par le biais de l&#8217;un des formulaires pr\u00e9sents sur notre site web.<\/p>\n\n\n\n<p>D&#8217;autre part, nous pouvons vous envoyer des informations sur nos produits et services \u00e0 condition que vous ayez coch\u00e9 la case appropri\u00e9e.<\/p>\n\n\n\n<p>Si vous nous envoyez un CV via la plateforme \u00ab<em>Travaillez avec nous<\/em>\u00ab, il peut \u00eatre envoy\u00e9 \u00e0 toute entreprise du groupe o\u00f9 votre profil peut \u00eatre requis, et si cette derni\u00e8re a ouvert un processus de s\u00e9lection.<\/p>\n\n\n\n<h2 class=\"wp-block-heading\">QUI PEUT RECEVOIR VOS DONN\u00c9ES ?<\/h2>\n\n\n\n<p>Vos donn\u00e9es ne seront communiqu\u00e9es \u00e0 aucun tiers en dehors du KYRYA. Hors tout, si un transfert des donn\u00e9s est n\u00e9cessaire, nous vous demanderons votre accord au pr\u00e9alable.<\/p>\n\n\n\n<p>Il n&#8217;y aura aucune transmission international des donn\u00e9es.<\/p>\n\n\n\n<h2 class=\"wp-block-heading\">COMBIEN DE TEMPS LES DONN\u00c9ES PEUVENT-ELLES \u00caTRE CONSERV\u00c9ES ?<\/h2>\n\n\n\n<p>Vos donn\u00e9es peuvent \u00eatre conserv\u00e9es aussi longtemps que vous n&#8217;avez pas pr\u00e9sent\u00e9 votre dissentiment ou demand\u00e9 la suppression de vos donn\u00e9es. En tout cas, les d\u00e9lais pr\u00e9vus par la l\u00e9gislation en vigueur seront respect\u00e9s et une copie de vos donn\u00e9s pourra \u00eatre bloqu\u00e9e dans la mesure o\u00f9 elle peut \u00eatre d\u00e9riv\u00e9e \u00e0 la responsabilit\u00e9 du service du traitement des donn\u00e9es.<\/p>\n\n\n\n<h2 class=\"wp-block-heading\">COMBIEN DE TEMPS LES DONN\u00c9ES PEUVENT-ELLES \u00caTRE CONSERV\u00c9ES ?<\/h2>\n\n\n\n<p>Vous pouvez :<\/p>\n\n\n\n<ol class=\"wp-block-list wp-block-list\">\n<li>Obtenir plus d&#8217;informations sur le traitement de vos donn\u00e9es.<\/li>\n\n\n\n<li>Retirer votre consentement lorsque vous l&#8217;avez donn\u00e9 pour un traitement donn\u00e9 en adressant votre demande \u00e0 : <a href=\"mailto:info@kyrya.es\">info@kyrya.es <\/a><\/li>\n\n\n\n<li>Cesser de recevoir nos communications commerciales.<\/li>\n\n\n\n<li>1. Exercer vos droits de :\n<ul class=\"wp-block-list wp-block-list wp-block-list\">\n<li>Acc\u00e9der ou bien savoir quelles donn\u00e9es personnelles nous traitons \u00e0 votre sujet ;<\/li>\n\n\n\n<li>Rectifier des donn\u00e9es personnelles incorrectes ou inexactes ;<\/li>\n\n\n\n<li>Supprimer ou \u00e9liminer des donn\u00e9es personnelles que nous avons sur vous et que nous ne sommes pas l\u00e9galement tenus de conserver ;<\/li>\n\n\n\n<li>Opposer, ou que nous cessions de traiter vos donn\u00e9es personnelles dans un but pr\u00e9cis ;<\/li>\n\n\n\n<li>Limiter, ou restreindre le traitement que nous effectuons ;<\/li>\n\n\n\n<li>Portabilit\u00e9, ou pour que nous vous communiquions les donn\u00e9es personnelles en notre possession ;<\/li>\n<\/ul>\n<\/li>\n\n\n\n<li>Vous pouvez obtenir plus d\u2019informations et exercer vos droits en vertu des r\u00e8glements sur la protection des donn\u00e9es \u00e0 caract\u00e8re personnel en soumettant une copie d&#8217;un document d&#8217;identification \u00e0 l&#8217;adresse suivante : <a href=\"mailto:info@kyrya.es\">info@kyrya.es<\/a> ou bien \u00e0: C\/Nicaragua, 6 &#8211; La Muela &#8211; 50198 &#8211; Zaragoza.<\/li>\n<\/ol>\n\n\n\n<p>Vous pouvez trouver plus d&#8217;informations sur vos droits ou d\u00e9poser une plainte aupr\u00e8s de l&#8217;autorit\u00e9 de contr\u00f4le comp\u00e9tente \u00e0 l&#8217;Agence espagnole de protection des donn\u00e9es <a href=\"http:\/\/www.agpd.es\">http:\/\/www.agpd.es<\/a> &#8211; C\/ Jorge Juan, 6. 28001 &#8211; Madrid (901 100 099 &#8211; 912 663 517).<\/p>\n\n\n\n<h2 class=\"wp-block-heading\">COMMENT GARANTIR LA S\u00c9CURIT\u00c9 DE VOS DONN\u00c9ES ?<\/h2>\n\n\n\n<p>Nous avons pris des mesures techniques et organisationnelles appropri\u00e9es pour assurer un niveau de s\u00e9curit\u00e9 ad\u00e9quat afin d&#8217;\u00e9viter la destruction, la perte ou l&#8217;alt\u00e9ration accidentelle ou illicite de donn\u00e9es de caract\u00e8re personnel, ainsi que la divulgation ou l&#8217;acc\u00e8s non autoris\u00e9s \u00e0 ces donn\u00e9es.<\/p>\n\n\n\n<p>Nous avons \u00e9galement mis en place des proc\u00e9dures pour r\u00e9pondre dans les d\u00e9lais l\u00e9gaux appropri\u00e9s \u00e0 toute violation de la s\u00e9curit\u00e9 qui pourrait se produire \u00e0 vos donn\u00e9es personnelles.<\/p>\n\n\n\n<p>Nous avons \u00e9galement mis en place des proc\u00e9dures pour r\u00e9pondre dans les d\u00e9lais l\u00e9gaux appropri\u00e9s \u00e0 toute violation de la s\u00e9curit\u00e9 qui pourrait se produire \u00e0 vos donn\u00e9es personnelles.<\/p>\n\n\n\n<h4 class=\"wp-block-heading\">CHANGEMENTS DANS LA POLITIQUE DE PROTECTION DE CONFIDENTIALIT\u00c9<\/h4>\n\n\n\n<p><strong>KYRYA<\/strong> se r\u00e9serve le droit de modifier la pr\u00e9sente politique de confidentialit\u00e9 afin de l&#8217;adapter \u00e0 la r\u00e9glementation en vigueur et de la maintenir \u00e0 jour avec les nouveaux d\u00e9veloppements et les possibilit\u00e9s offertes par Internet. Par cons\u00e9quent, il se r\u00e9serve le droit de mettre en oeuvre ces changements \u00e0 sa propre discr\u00e9tion et demande \u00e0 l&#8217;utilisateur de v\u00e9rifier p\u00e9riodiquement la pr\u00e9sente politique de confidentialit\u00e9, car l&#8217;utilisateur est li\u00e9 par ces changements chaque fois qu&#8217;il visite notre site<\/p>\n\n","protected":false},"excerpt":{"rendered":"<p> [&#8230;]<\/p>\n<p><a class=\"btn btn-secondary understrap-read-more-link\" href=\"https:\/\/pro.kyryagroup.com\/fr\/politique-de-confidentialite\/\">Lire la suite&#8230;<\/a><\/p>\n","protected":false},"author":1,"featured_media":0,"parent":0,"menu_order":99,"comment_status":"closed","ping_status":"closed","template":"","meta":{"_acf_changed":false,"footnotes":""},"class_list":["post-176","page","type-page","status-publish","hentry"],"acf":[],"_links":{"self":[{"href":"https:\/\/pro.kyryagroup.com\/fr\/wp-json\/wp\/v2\/pages\/176","targetHints":{"allow":["GET"]}}],"collection":[{"href":"https:\/\/pro.kyryagroup.com\/fr\/wp-json\/wp\/v2\/pages"}],"about":[{"href":"https:\/\/pro.kyryagroup.com\/fr\/wp-json\/wp\/v2\/types\/page"}],"author":[{"embeddable":true,"href":"https:\/\/pro.kyryagroup.com\/fr\/wp-json\/wp\/v2\/users\/1"}],"replies":[{"embeddable":true,"href":"https:\/\/pro.kyryagroup.com\/fr\/wp-json\/wp\/v2\/comments?post=176"}],"version-history":[{"count":4,"href":"https:\/\/pro.kyryagroup.com\/fr\/wp-json\/wp\/v2\/pages\/176\/revisions"}],"predecessor-version":[{"id":4520,"href":"https:\/\/pro.kyryagroup.com\/fr\/wp-json\/wp\/v2\/pages\/176\/revisions\/4520"}],"wp:attachment":[{"href":"https:\/\/pro.kyryagroup.com\/fr\/wp-json\/wp\/v2\/media?parent=176"}],"curies":[{"name":"wp","href":"https:\/\/api.w.org\/{rel}","templated":true}]}}