{"id":144,"date":"2021-05-28T11:52:47","date_gmt":"2021-05-28T11:52:47","guid":{"rendered":"https:\/\/pro.kyryagroup.com\/home\/"},"modified":"2022-02-04T10:24:17","modified_gmt":"2022-02-04T10:24:17","slug":"home","status":"publish","type":"page","link":"https:\/\/pro.kyryagroup.com\/fr\/","title":{"rendered":"Centre de t\u00e9l\u00e9chargement Kyrya \/ Durian \/ Piustone"},"content":{"rendered":"\n<p>Bienvenue dans notre centre de t\u00e9l\u00e9chargement. Si vous \u00eates un client ou un professionnel et que vous souhaitez avoir acc\u00e8s \u00e0 nos catalogues et autres documents d&rsquo;int\u00e9r\u00eat, veuillez vous inscrire au service.<\/p>\n\n\n\n<div style=\"height:32px\" aria-hidden=\"true\" class=\"wp-block-spacer\"><\/div>\n\n\n\n<div class=\"wp-block-columns is-layout-flex wp-container-core-columns-is-layout-9d6595d7 wp-block-columns-is-layout-flex\">\n<div class=\"wp-block-column is-layout-flow wp-block-column-is-layout-flow\">\n<div class=\"wp-block-group has-light-background-color has-background\"><div class=\"wp-block-group__inner-container is-layout-flow wp-block-group-is-layout-flow\">\n<h2 class=\"wp-block-heading\" id=\"avis\">Avis<\/h2>\n\n\n<ul class=\"wp-block-latest-posts__list has-dates wp-block-latest-posts\"><li><a class=\"wp-block-latest-posts__post-title\" href=\"https:\/\/pro.kyryagroup.com\/fr\/nouvelle-zone-professionnelle\/\">Nouvelle zone professionnelle<\/a><time datetime=\"2021-09-15T08:17:22+00:00\" class=\"wp-block-latest-posts__post-date\">15 septembre 2021<\/time><div class=\"wp-block-latest-posts__post-full-content\"><!-- wp:paragraph -->\n<p>Uti<strong>lisateurs de l&rsquo;espace professionnel <\/strong>: pour acc\u00e9der au nouvel espace professionnel, vous devrez vous r\u00e9inscrire. D\u00e9sol\u00e9 pour le d\u00e9rangement.<\/p>\n<!-- \/wp:paragraph --><\/div><\/li>\n<\/ul><\/div><\/div>\n\n\n\n<div style=\"height:32px\" aria-hidden=\"true\" class=\"wp-block-spacer\"><\/div>\n\n\n\n<p><\/p>\n<\/div>\n\n\n\n<div class=\"wp-block-column is-layout-flow wp-block-column-is-layout-flow\">\n<h2 class=\"wp-block-heading\" id=\"clients-finaux\">Clients finaux<\/h2>\n\n\n\n<div class=\"wp-block-buttons is-layout-flex wp-block-buttons-is-layout-flex\">\n<div class=\"wp-block-button\"><a class=\"wp-block-button__link\" href=\"https:\/\/pro.kyryagroup.com\/catalogos\/\" style=\"border-radius:6px\">Catalogues<\/a><\/div>\n<\/div>\n\n\n\n<div style=\"height:32px\" aria-hidden=\"true\" class=\"wp-block-spacer\"><\/div>\n<\/div>\n\n\n\n<div class=\"wp-block-column is-layout-flow wp-block-column-is-layout-flow\">\n<h2 class=\"wp-block-heading\" id=\"professionnels\">Professionnels<\/h2>\n\n\n\n<div class=\"wp-block-buttons is-layout-flex wp-block-buttons-is-layout-flex\">\n<div class=\"wp-block-button\"><a class=\"wp-block-button__link\" href=\"https:\/\/pro.kyryagroup.com\/en\/register\/\" style=\"border-radius:5px\">S&rsquo;inscrire<\/a><\/div>\n\n\n\n<div class=\"wp-block-button\"><a class=\"wp-block-button__link\" href=\"https:\/\/pro.kyryagroup.com\/en\/login\/\" style=\"border-radius:6px\">S&rsquo;identifier<\/a><\/div>\n<\/div>\n\n\n\n<div style=\"height:32px\" aria-hidden=\"true\" class=\"wp-block-spacer\"><\/div>\n<\/div>\n<\/div>\n\n\n\n<p><\/p>\n","protected":false},"excerpt":{"rendered":"<p>Bienvenue dans notre centre de t\u00e9l\u00e9chargement. Si vous \u00eates un client ou un professionnel et que vous souhaitez avoir acc\u00e8s \u00e0 nos catalogues et autres [&#8230;]<\/p>\n<p><a class=\"btn btn-secondary understrap-read-more-link\" href=\"https:\/\/pro.kyryagroup.com\/fr\/\">Lire la suite&#8230;<\/a><\/p>\n","protected":false},"author":1,"featured_media":0,"parent":0,"menu_order":0,"comment_status":"closed","ping_status":"closed","template":"","meta":{"_acf_changed":false,"footnotes":""},"class_list":["post-144","page","type-page","status-publish","hentry"],"acf":[],"_links":{"self":[{"href":"https:\/\/pro.kyryagroup.com\/fr\/wp-json\/wp\/v2\/pages\/144","targetHints":{"allow":["GET"]}}],"collection":[{"href":"https:\/\/pro.kyryagroup.com\/fr\/wp-json\/wp\/v2\/pages"}],"about":[{"href":"https:\/\/pro.kyryagroup.com\/fr\/wp-json\/wp\/v2\/types\/page"}],"author":[{"embeddable":true,"href":"https:\/\/pro.kyryagroup.com\/fr\/wp-json\/wp\/v2\/users\/1"}],"replies":[{"embeddable":true,"href":"https:\/\/pro.kyryagroup.com\/fr\/wp-json\/wp\/v2\/comments?post=144"}],"version-history":[{"count":25,"href":"https:\/\/pro.kyryagroup.com\/fr\/wp-json\/wp\/v2\/pages\/144\/revisions"}],"predecessor-version":[{"id":8366,"href":"https:\/\/pro.kyryagroup.com\/fr\/wp-json\/wp\/v2\/pages\/144\/revisions\/8366"}],"wp:attachment":[{"href":"https:\/\/pro.kyryagroup.com\/fr\/wp-json\/wp\/v2\/media?parent=144"}],"curies":[{"name":"wp","href":"https:\/\/api.w.org\/{rel}","templated":true}]}}