{"id":133,"date":"2021-05-28T12:00:33","date_gmt":"2021-05-28T12:00:33","guid":{"rendered":"https:\/\/pro.kyryagroup.com\/catalogos\/"},"modified":"2022-02-04T10:25:40","modified_gmt":"2022-02-04T10:25:40","slug":"catalogues","status":"publish","type":"page","link":"https:\/\/pro.kyryagroup.com\/fr\/catalogues\/","title":{"rendered":"Catalogues"},"content":{"rendered":"\n<p>Depuis notre centre de t\u00e9l\u00e9chargement, vous pouvez demander les catalogues actuels de nos marques. Communiquez-nous vos coordonn\u00e9es pour recevoir les liens de t\u00e9l\u00e9chargement.<\/p>\n\n\n\n<p>Si vous \u00eates un professionnel et souhaitez avoir acc\u00e8s aux fiches techniques et \u00e0 plus d&rsquo;informations d&rsquo;int\u00e9r\u00eat, <a href=\"https:\/\/pro.kyryagroup.com\/fr\/enregistrement\/\" data-type=\"page\" data-id=\"194\">demandez votre inscription dans l&rsquo;Espace Professionnel ici<\/a>. Si vous \u00eates d\u00e9j\u00e0 inscrit, <a href=\"https:\/\/pro.kyryagroup.com\/fr\/login\/\" data-type=\"page\" data-id=\"155\">vous pouvez vous connecter<\/a>.<\/p>\n\n\n<ul class=\"dlm-downloads\"><div class=\"miniaturas-descargas d-none d-md-block\"><img loading=\"lazy\" decoding=\"async\" width=\"198\" height=\"300\" src=\"https:\/\/pro.kyryagroup.com\/wp-content\/uploads\/2025\/02\/CATALOGO-KYRYA_2025-198x300.jpg\" class=\"miniatura-descarga wp-post-image\" alt=\"CATALOGO KYRYA_2025\" srcset=\"https:\/\/pro.kyryagroup.com\/wp-content\/uploads\/2025\/02\/CATALOGO-KYRYA_2025-198x300.jpg 198w, https:\/\/pro.kyryagroup.com\/wp-content\/uploads\/2025\/02\/CATALOGO-KYRYA_2025-676x1024.jpg 676w, https:\/\/pro.kyryagroup.com\/wp-content\/uploads\/2025\/02\/CATALOGO-KYRYA_2025-768x1163.jpg 768w, https:\/\/pro.kyryagroup.com\/wp-content\/uploads\/2025\/02\/CATALOGO-KYRYA_2025-1014x1536.jpg 1014w, https:\/\/pro.kyryagroup.com\/wp-content\/uploads\/2025\/02\/CATALOGO-KYRYA_2025-1352x2048.jpg 1352w, https:\/\/pro.kyryagroup.com\/wp-content\/uploads\/2025\/02\/CATALOGO-KYRYA_2025-scaled.jpg 1690w\" sizes=\"auto, (max-width: 198px) 100vw, 198px\" title=\"CATALOGO KYRYA_2025\" \/><img loading=\"lazy\" decoding=\"async\" width=\"198\" height=\"300\" src=\"https:\/\/pro.kyryagroup.com\/wp-content\/uploads\/2025\/02\/TARIFA-KYRYA_2025_ES-198x300.jpg\" class=\"miniatura-descarga wp-post-image\" alt=\"TARIFA KYRYA_2025_ES\" srcset=\"https:\/\/pro.kyryagroup.com\/wp-content\/uploads\/2025\/02\/TARIFA-KYRYA_2025_ES-198x300.jpg 198w, https:\/\/pro.kyryagroup.com\/wp-content\/uploads\/2025\/02\/TARIFA-KYRYA_2025_ES-676x1024.jpg 676w, https:\/\/pro.kyryagroup.com\/wp-content\/uploads\/2025\/02\/TARIFA-KYRYA_2025_ES-768x1163.jpg 768w, https:\/\/pro.kyryagroup.com\/wp-content\/uploads\/2025\/02\/TARIFA-KYRYA_2025_ES-1014x1536.jpg 1014w, https:\/\/pro.kyryagroup.com\/wp-content\/uploads\/2025\/02\/TARIFA-KYRYA_2025_ES-1352x2048.jpg 1352w, https:\/\/pro.kyryagroup.com\/wp-content\/uploads\/2025\/02\/TARIFA-KYRYA_2025_ES-scaled.jpg 1690w\" sizes=\"auto, (max-width: 198px) 100vw, 198px\" title=\"TARIFA KYRYA_2025_ES\" \/><\/div><div class=\"wpcf7 no-js\" id=\"wpcf7-f95-o1\" lang=\"es-ES\" dir=\"ltr\" data-wpcf7-id=\"95\">\n<div class=\"screen-reader-response\">\n<p role=\"status\" aria-live=\"polite\" aria-atomic=\"true\"><\/p> <ul><\/ul>\n<\/div>\n<form action=\"\/fr\/wp-json\/wp\/v2\/pages\/133#wpcf7-f95-o1\" method=\"post\" class=\"wpcf7-form init cmonitor-ext-0.4.67\" aria-label=\"Formulario de contacto\" novalidate=\"novalidate\" data-status=\"init\">\n<fieldset class=\"hidden-fields-container\">\n<input type=\"hidden\" name=\"_wpcf7\" value=\"95\"><input type=\"hidden\" name=\"_wpcf7_version\" value=\"6.1.5\"><input type=\"hidden\" name=\"_wpcf7_locale\" value=\"es_ES\"><input type=\"hidden\" name=\"_wpcf7_unit_tag\" value=\"wpcf7-f95-o1\"><input type=\"hidden\" name=\"_wpcf7_container_post\" value=\"0\"><input type=\"hidden\" name=\"_wpcf7_posted_data_hash\" value=\"\">\n<\/fieldset>\n<p><label> <span class=\"show-lang-es\">Nombre<\/span><span class=\"show-lang-en\">Name<\/span><span class=\"show-lang-fr\">Nom<\/span><span class=\"show-lang-it\">Nome<\/span><span class=\"show-lang-pt-pt\">Nome<\/span>*<br>\n<span class=\"wpcf7-form-control-wrap\" data-name=\"your-name\"><input size=\"40\" maxlength=\"400\" class=\"wpcf7-form-control wpcf7-text wpcf7-validates-as-required\" aria-required=\"true\" aria-invalid=\"false\" value=\"\" type=\"text\" name=\"your-name\"><\/span> <\/label>\n<\/p>\n<p><label> Email*<br>\n<span class=\"wpcf7-form-control-wrap\" data-name=\"your-email\"><input size=\"40\" maxlength=\"400\" class=\"wpcf7-form-control wpcf7-email wpcf7-validates-as-required wpcf7-text wpcf7-validates-as-email\" aria-required=\"true\" aria-invalid=\"false\" value=\"\" type=\"email\" name=\"your-email\"><\/span> <\/label>\n<\/p>\n<p><span class=\"wpcf7-form-control-wrap\" data-name=\"aceptacion\"><span class=\"wpcf7-form-control wpcf7-acceptance\"><span class=\"wpcf7-list-item\"><label><input type=\"checkbox\" name=\"aceptacion\" value=\"1\" aria-invalid=\"false\"><span class=\"wpcf7-list-item-label\"><span class=\"show-lang-es\">Acepto la <a href=\"https:\/\/pro.kyryagroup.com\/?p=3\" target=\"_blank\">pol&iacute;tica de privacidad<\/a><\/span><span class=\"show-lang-en\">I accept the <a href=\"https:\/\/pro.kyryagroup.com\/?p=3\" target=\"_blank\">Privacy Policy<\/a><\/span><span class=\"show-lang-fr\">J'accepte la <a href=\"https:\/\/pro.kyryagroup.com\/?p=3\" target=\"_blank\">Politique de confidentialit&eacute;<\/a><\/span><span class=\"show-lang-it\">Acceto <a href=\"https:\/\/pro.kyryagroup.com\/?p=3\" target=\"_blank\">l'informativa sulla privacy<\/a><\/span><span class=\"show-lang-pt-pt\">Aceito a <a href=\"https:\/\/pro.kyryagroup.com\/?p=3\" target=\"_blank\">Pol&iacute;tica de Privacidade<\/a><\/span>.<\/span><\/label><\/span><\/span><\/span>\n<\/p>\n<p><span class=\"wpcf7-form-control-wrap\" data-name=\"opt-in\"><span class=\"wpcf7-form-control wpcf7-checkbox\"><span class=\"wpcf7-list-item first last\"><input type=\"checkbox\" name=\"opt-in[]\" value=\"Deseo recibir informaci&oacute;n peri&oacute;dica con ofertas y promociones del responsable por correo electr&oacute;nico\"><span class=\"wpcf7-list-item-label\">Deseo recibir informaci&oacute;n peri&oacute;dica con ofertas y promociones del responsable por correo electr&oacute;nico<\/span><\/span><\/span><\/span>\n<\/p>\n<label class=\"ebd_input\"><input type=\"checkbox\" name=\"ebd_downloads[]\" value=\"24817|Cat&aacute;logo Inspiraci&oacute;n Kyrya 2025\"> Cat&aacute;logo Inspiraci&oacute;n Kyrya 2025<\/label><label class=\"ebd_input\"><input type=\"checkbox\" name=\"ebd_downloads[]\" value=\"24815|Tarifa Kyrya 2025 (Todos los idiomas)\"> Tarifa Kyrya 2025 (Todos los idiomas)<\/label><input type=\"hidden\" class=\"ebd_setting\" name=\"ebd_settings[]\" value=\"title|Cat&Atilde;&iexcl;logo Inspiraci&Atilde;&sup3;n Kyrya 2025,Tarifa Kyrya 2025 (Todos los idiomas)\"><input type=\"hidden\" class=\"ebd_setting\" name=\"ebd_settings[]\" value=\"delivered_as|both\"><input type=\"hidden\" class=\"ebd_setting\" name=\"ebd_settings[]\" value=\"hide_form|yes\"><input type=\"hidden\" class=\"ebd_setting\" name=\"ebd_settings[]\" value=\"radio|no\"><input type=\"hidden\" class=\"ebd_setting\" name=\"ebd_settings[]\" value=\"expire_time|30 minute\"><input type=\"hidden\" class=\"ebd_setting\" name=\"ebd_settings[]\" value=\"from_email|noreply@kyrya.es\"><input type=\"hidden\" class=\"ebd_setting\" name=\"ebd_settings[]\" value=\"from_name|Kyrya | Durian | Piustone\"><input type=\"hidden\" class=\"ebd_setting\" name=\"ebd_settings[]\" value=\"link_format|_blank\"><input type=\"hidden\" class=\"ebd_setting\" name=\"ebd_settings[]\" value=\"file_thumbnail|no\"><input type=\"hidden\" class=\"ebd_setting\" name=\"ebd_settings[]\" value=\"item_id|27\"><input type=\"hidden\" class=\"ebd_setting\" name=\"ebd_settings[]\" value=\"form_id|wpcf7-f95-o1\"><div class=\"show-lang-es\">\n\t<p>Informaci&oacute;n b&aacute;sica\n\t<\/p>\n\t<p><small><br>\n<\/small>\n\t<\/p>\n\t<ul>\n\t\t<li>\n\t\t\t<p><b>Responsable<\/b>: Bujiol S.L.\n\t\t\t<\/p>\n\t\t<\/li>\n\t\t<li>\n\t\t\t<p><b>Finalidad<\/b>: controlar las descargas\n\t\t\t<\/p>\n\t\t<\/li>\n\t\t<li>\n\t\t\t<p><b>Almacenamiento de datos<\/b>: base de datos y servidor de correo alojados en Arsys\n\t\t\t<\/p>\n\t\t<\/li>\n\t\t<li>\n\t\t\t<p><b>Duraci&oacute;n<\/b>: hasta que el usuario decida\n\t\t\t<\/p>\n\t\t<\/li>\n\t\t<li>\n\t\t\t<p><b>Derechos<\/b>: limitar, recuperar y borrar\n\t\t\t<\/p>\n\t\t<\/li>\n\t<\/ul>\n<\/div>\n<div class=\"show-lang-en\">\n\t<p>Basic information\n\t<\/p>\n\t<p><small><br>\n<\/small>\n\t<\/p>\n\t<ul>\n\t\t<li>\n\t\t\t<p><b>Responsible<\/b>: Bujiol S.L.\n\t\t\t<\/p>\n\t\t<\/li>\n\t\t<li>\n\t\t\t<p><b>Target<\/b>: control the downloads\n\t\t\t<\/p>\n\t\t<\/li>\n\t\t<li>\n\t\t\t<p><b>Data base<\/b>: data base and mail server located in Arsys\n\t\t\t<\/p>\n\t\t<\/li>\n\t\t<li>\n\t\t\t<p><b>Timing<\/b>: as long as the user wants\n\t\t\t<\/p>\n\t\t<\/li>\n\t\t<li>\n\t\t\t<p><b>Rights<\/b>: limit, recover and delete\n\t\t\t<\/p>\n\t\t<\/li>\n\t<\/ul>\n<\/div>\n<div class=\"show-lang-fr\">\n\t<p>Informations de base\n\t<\/p>\n\t<p><small><br>\n<\/small>\n\t<\/p>\n\t<ul>\n\t\t<li>\n\t\t\t<p><b>Responsable<\/b>: Bujiol S.L.\n\t\t\t<\/p>\n\t\t<\/li>\n\t\t<li>\n\t\t\t<p><b>Objectif<\/b>: pour contr&ocirc;ler les t&eacute;l&eacute;chargements\n\t\t\t<\/p>\n\t\t<\/li>\n\t\t<li>\n\t\t\t<p><b>Stockage de donn&eacute;es<\/b>: base de donn&eacute;es et serveur de messagerie h&eacute;berg&eacute;s chez Arsys\n\t\t\t<\/p>\n\t\t<\/li>\n\t\t<li>\n\t\t\t<p><b>Dur&eacute;e<\/b>: jusqu'&agrave; ce que l'utilisateur d&eacute;cide\n\t\t\t<\/p>\n\t\t<\/li>\n\t\t<li>\n\t\t\t<p><b>Droits<\/b>: limitation, r&eacute;cup&eacute;ration et suppression\n\t\t\t<\/p>\n\t\t<\/li>\n\t<\/ul>\n<\/div>\n<div class=\"show-lang-it\">\n\t<p>Informazioni di base\n\t<\/p>\n\t<p><small><br>\n<\/small>\n\t<\/p>\n\t<ul>\n\t\t<li>\n\t\t\t<p><b>Responsabile<\/b>: Bujiol S.L.\n\t\t\t<\/p>\n\t\t<\/li>\n\t\t<li>\n\t\t\t<p><b>Finalit&agrave;<\/b>: controllare i download\n\t\t\t<\/p>\n\t\t<\/li>\n\t\t<li>\n\t\t\t<p><b>Immagazzinamento dei dati<\/b>: data base y server di posta ospitato su ARSYS\n\t\t\t<\/p>\n\t\t<\/li>\n\t\t<li>\n\t\t\t<p><b>Durata<\/b>: fino alla decisione dell' usuario\n\t\t\t<\/p>\n\t\t<\/li>\n\t\t<li>\n\t\t\t<p><b>Diritti<\/b>: limitare, recuperare e cancellare\n\t\t\t<\/p>\n\t\t<\/li>\n\t<\/ul>\n<\/div>\n<div class=\"show-lang-pt-pt\">\n\t<p>Informa&ccedil;&atilde;o b&aacute;sica\n\t<\/p>\n\t<p><small><br>\n<\/small>\n\t<\/p>\n\t<ul>\n\t\t<li>\n\t\t\t<p><b>Respons&aacute;vel<\/b>: Bujiol S.L.\n\t\t\t<\/p>\n\t\t<\/li>\n\t\t<li>\n\t\t\t<p><b>Finalidade<\/b>: controlar as descargas realizadas\n\t\t\t<\/p>\n\t\t<\/li>\n\t\t<li>\n\t\t\t<p><b>Armazenamento de dados<\/b>: base de dados e servidor de correio alojados em Arsys\n\t\t\t<\/p>\n\t\t<\/li>\n\t\t<li>\n\t\t\t<p><b>Dura&ccedil;&atilde;o do<\/b>: at&eacute; que o usu&aacute;rio decidir\n\t\t\t<\/p>\n\t\t<\/li>\n\t\t<li>\n\t\t\t<p><b>Direitos<\/b>: limitar, recuperar e apagar\n\t\t\t<\/p>\n\t\t<\/li>\n\t<\/ul>\n<\/div>\n<p><input class=\"wpcf7-form-control wpcf7-submit has-spinner show-lang-es\" type=\"submit\" value=\"Descargar\"><input class=\"wpcf7-form-control wpcf7-submit has-spinner show-lang-en\" type=\"submit\" value=\"Download\"><input class=\"wpcf7-form-control wpcf7-submit has-spinner show-lang-it\" type=\"submit\" value=\"Scaricare\"><input class=\"wpcf7-form-control wpcf7-submit has-spinner show-lang-fr\" type=\"submit\" value=\"T&eacute;l&eacute;charger\"><input class=\"wpcf7-form-control wpcf7-submit has-spinner show-lang-pt-pt\" type=\"submit\" value=\"Descarregar\">\n<\/p>\n<div class=\"wpcf7-response-output\" aria-hidden=\"true\"><\/div>\n<p style=\"display: none !important\"><span class=\"wpcf7-form-control-wrap referer-page\"><input type=\"text\" name=\"referer-page\" value=\"http:\/\/Direct%20Visit\" data-value=\"http:\/\/Direct%20Visit\" size=\"40\" class=\"wpcf7-form-control wpcf7-text referer-page\" aria-invalid=\"false\"><\/span><\/p>\n<!-- campaignmonitor extension by Renzo Johnson -->\n<script> var wpcf7f95o1selectors = \"div#wpcf7-f95-o1 > form > .ebd_input > input\";\n        jQuery(\"div#wpcf7-f95-o1 form \").children().not('.ebd_input').not('.wpcf7-response-output').hide();\n        jQuery( wpcf7f95o1selectors ).on( \"click\", function () {\n            var wpcf7f95o1n = jQuery( wpcf7f95o1selectors+\":checked\" ).length;\n            \n            if(wpcf7f95o1n > 0) jQuery(\"div#wpcf7-f95-o1 form \").children().not('.ebd_input').not('.wpcf7-response-output').not('script').show();\n            else jQuery(\"div#wpcf7-f95-o1 form \").children().not('.ebd_input').not('.wpcf7-response-output').not('script').hide();\n        } );    jQuery('.wpcf7-response-output').hide();\n<\/script>\n<\/form>\n<\/div>\n<\/ul>\n","protected":false},"excerpt":{"rendered":"<p>Depuis notre centre de t\u00e9l\u00e9chargement, vous pouvez demander les catalogues actuels de nos marques. Communiquez-nous vos coordonn\u00e9es pour recevoir les liens de t\u00e9l\u00e9chargement. Si vous [&#8230;]<\/p>\n<p><a class=\"btn btn-secondary understrap-read-more-link\" href=\"https:\/\/pro.kyryagroup.com\/downloads\/24815\/?tmstv=1775432874\">Lire la suite&#8230;<\/a><\/p>\n","protected":false},"author":1,"featured_media":0,"parent":0,"menu_order":30,"comment_status":"closed","ping_status":"closed","template":"","meta":{"_acf_changed":false,"footnotes":""},"class_list":["post-133","page","type-page","status-publish","hentry"],"acf":[],"_links":{"self":[{"href":"https:\/\/pro.kyryagroup.com\/fr\/wp-json\/wp\/v2\/pages\/133","targetHints":{"allow":["GET"]}}],"collection":[{"href":"https:\/\/pro.kyryagroup.com\/fr\/wp-json\/wp\/v2\/pages"}],"about":[{"href":"https:\/\/pro.kyryagroup.com\/fr\/wp-json\/wp\/v2\/types\/page"}],"author":[{"embeddable":true,"href":"https:\/\/pro.kyryagroup.com\/fr\/wp-json\/wp\/v2\/users\/1"}],"replies":[{"embeddable":true,"href":"https:\/\/pro.kyryagroup.com\/fr\/wp-json\/wp\/v2\/comments?post=133"}],"version-history":[{"count":8,"href":"https:\/\/pro.kyryagroup.com\/fr\/wp-json\/wp\/v2\/pages\/133\/revisions"}],"predecessor-version":[{"id":8368,"href":"https:\/\/pro.kyryagroup.com\/fr\/wp-json\/wp\/v2\/pages\/133\/revisions\/8368"}],"wp:attachment":[{"href":"https:\/\/pro.kyryagroup.com\/fr\/wp-json\/wp\/v2\/media?parent=133"}],"curies":[{"name":"wp","href":"https:\/\/api.w.org\/{rel}","templated":true}]}}