{"id":10314,"date":"2022-06-02T05:29:22","date_gmt":"2022-06-02T05:29:22","guid":{"rendered":"https:\/\/pro.kyryagroup.com\/mon-profil\/pedidos\/"},"modified":"2022-06-02T06:23:17","modified_gmt":"2022-06-02T06:23:17","slug":"pedidos","status":"publish","type":"page","link":"https:\/\/pro.kyryagroup.com\/fr\/mon-profil\/pedidos\/","title":{"rendered":"Ordres"},"content":{"rendered":"Vous devez \u00eatre connect\u00e9 pour voir ce contenu.","protected":false},"excerpt":{"rendered":"Vous devez \u00eatre connect\u00e9 pour voir ce contenu.","protected":false},"author":1,"featured_media":0,"parent":165,"menu_order":0,"comment_status":"closed","ping_status":"closed","template":"page-templates\/orders.php","meta":{"_acf_changed":false,"footnotes":""},"class_list":["post-10314","page","type-page","status-publish","hentry"],"acf":[],"_links":{"self":[{"href":"https:\/\/pro.kyryagroup.com\/fr\/wp-json\/wp\/v2\/pages\/10314","targetHints":{"allow":["GET"]}}],"collection":[{"href":"https:\/\/pro.kyryagroup.com\/fr\/wp-json\/wp\/v2\/pages"}],"about":[{"href":"https:\/\/pro.kyryagroup.com\/fr\/wp-json\/wp\/v2\/types\/page"}],"author":[{"embeddable":true,"href":"https:\/\/pro.kyryagroup.com\/fr\/wp-json\/wp\/v2\/users\/1"}],"replies":[{"embeddable":true,"href":"https:\/\/pro.kyryagroup.com\/fr\/wp-json\/wp\/v2\/comments?post=10314"}],"version-history":[{"count":1,"href":"https:\/\/pro.kyryagroup.com\/fr\/wp-json\/wp\/v2\/pages\/10314\/revisions"}],"predecessor-version":[{"id":10318,"href":"https:\/\/pro.kyryagroup.com\/fr\/wp-json\/wp\/v2\/pages\/10314\/revisions\/10318"}],"up":[{"embeddable":true,"href":"https:\/\/pro.kyryagroup.com\/fr\/wp-json\/wp\/v2\/pages\/165"}],"wp:attachment":[{"href":"https:\/\/pro.kyryagroup.com\/fr\/wp-json\/wp\/v2\/media?parent=10314"}],"curies":[{"name":"wp","href":"https:\/\/api.w.org\/{rel}","templated":true}]}}